{"id":1405,"date":"2025-07-06T18:37:19","date_gmt":"2025-07-06T16:37:19","guid":{"rendered":"https:\/\/generation-impact-solidarite.com\/?page_id=1405"},"modified":"2025-07-06T23:01:07","modified_gmt":"2025-07-06T21:01:07","slug":"voyages-sejours-2","status":"publish","type":"page","link":"https:\/\/generation-impact-solidarite.com\/index.php\/projets\/voyages-sejours-2\/","title":{"rendered":"Voyages \/ S\u00e9jours"},"content":{"rendered":"\n<div id=\"wp-block-themeisle-blocks-advanced-columns-9045b83a\" class=\"wp-block-themeisle-blocks-advanced-columns alignfull has-1-columns has-desktop-equal-layout has-tablet-equal-layout has-mobile-equal-layout has-vertical-unset ticss-9f1d4543\"><div class=\"wp-block-themeisle-blocks-advanced-columns-overlay\"><\/div><div class=\"innerblocks-wrap\">\n<div id=\"wp-block-themeisle-blocks-advanced-column-c44e85d2\" class=\"wp-block-themeisle-blocks-advanced-column ticss-c44e85d2\">\n<p class=\"has-text-align-left ticss-4f296429\"><strong>VOYAGES CULTURELS <\/strong><\/p>\n\n\n\n<p class=\"ticss-b6fe5410\"><strong>Chez&nbsp;G\u00e9n\u00e9ration Impact Solidarit\u00e9, nous croyons que d\u00e9couvrir de nouveaux horizons est une source d\u2019enrichissement personnel et collectif. C\u2019est pourquoi nous organisons des voyages culturels et des s\u00e9jours vacances pour permettre \u00e0 tous, jeunes et moins jeunes, de s\u2019\u00e9vader, d\u2019apprendre et de s\u2019ouvrir au monde \ud83c\udf0d.<\/strong><\/p>\n<\/div>\n<\/div><\/div>\n\n\n\n<div class=\"wp-block-cover alignwide is-light has-custom-content-position is-position-bottom-center ticss-44f196ac\" style=\"border-radius:32px;padding-top:var(--wp--preset--spacing--60);padding-right:var(--wp--preset--spacing--60);padding-bottom:var(--wp--preset--spacing--60);padding-left:var(--wp--preset--spacing--60);min-height:427px;aspect-ratio:unset;\"><img fetchpriority=\"high\" decoding=\"async\" width=\"1086\" height=\"722\" class=\"wp-block-cover__image-background wp-image-1139 size-full\" alt=\"\" src=\"http:\/\/generation-impact-solidarite.com\/wp-content\/uploads\/2024\/12\/Capture-decran-2024-12-26-a-12.51.09.png\" data-object-fit=\"cover\" srcset=\"https:\/\/generation-impact-solidarite.com\/wp-content\/uploads\/2024\/12\/Capture-decran-2024-12-26-a-12.51.09.png 1086w, https:\/\/generation-impact-solidarite.com\/wp-content\/uploads\/2024\/12\/Capture-decran-2024-12-26-a-12.51.09-300x199.png 300w, https:\/\/generation-impact-solidarite.com\/wp-content\/uploads\/2024\/12\/Capture-decran-2024-12-26-a-12.51.09-1024x681.png 1024w, https:\/\/generation-impact-solidarite.com\/wp-content\/uploads\/2024\/12\/Capture-decran-2024-12-26-a-12.51.09-768x511.png 768w\" sizes=\"(max-width: 1086px) 100vw, 1086px\" \/><span aria-hidden=\"true\" class=\"wp-block-cover__background has-neve-link-color-background-color has-background-dim-0 has-background-dim\"><\/span><div class=\"wp-block-cover__inner-container is-layout-flow wp-block-cover-is-layout-flow\">\n<p class=\"has-text-align-center ticss-c9860eae has-large-font-size\"><strong>\u00ab\u00a0Le voyage est fatal aux pr\u00e9jug\u00e9s, \u00e0 l\u2019intol\u00e9rance et \u00e0 l\u2019\u00e9troitesse d\u2019esprit.\u00a0\u00bb\u00a0\u2013 Mark Twain<\/strong><\/p>\n\n\n\n<div style=\"height:0px\" aria-hidden=\"true\" class=\"wp-block-spacer\"><\/div>\n<\/div><\/div>\n\n\n\n<div style=\"height:50px\" aria-hidden=\"true\" class=\"wp-block-spacer\"><\/div>\n\n\n\n<div class=\"wp-block-cover alignfull ticss-803e29c9\" style=\"min-height:541px;aspect-ratio:unset;\"><span aria-hidden=\"true\" class=\"wp-block-cover__background has-nv-site-bg-background-color has-background-dim-100 has-background-dim\"><\/span><div class=\"wp-block-cover__inner-container is-layout-flow wp-block-cover-is-layout-flow\">\n<h2 class=\"wp-block-heading has-text-align-left ticss-f9ac17e2 has-neve-text-color-color has-text-color\"><strong>LES PROJETS<\/strong><\/h2>\n\n\n\n<div class=\"wp-block-group\"><div class=\"wp-block-group__inner-container is-layout-flow wp-block-group-is-layout-flow\">\n<div class=\"wp-block-columns are-vertically-aligned-center is-layout-flex wp-container-core-columns-is-layout-9d6595d7 wp-block-columns-is-layout-flex\">\n<div class=\"wp-block-column is-vertically-aligned-center is-layout-flow wp-block-column-is-layout-flow\" style=\"padding-right:var(--wp--preset--spacing--30);padding-left:var(--wp--preset--spacing--30);flex-basis:50%\">\n<figure class=\"wp-block-image size-full is-resized has-custom-border ticss-00573e15\"><img decoding=\"async\" width=\"1084\" height=\"720\" src=\"http:\/\/generation-impact-solidarite.com\/wp-content\/uploads\/2024\/12\/Capture-decran-2024-12-26-a-12.45.30.png\" alt=\"\" class=\"wp-image-1136\" style=\"border-radius:40px;object-fit:cover;width:400px;height:290px\" srcset=\"https:\/\/generation-impact-solidarite.com\/wp-content\/uploads\/2024\/12\/Capture-decran-2024-12-26-a-12.45.30.png 1084w, https:\/\/generation-impact-solidarite.com\/wp-content\/uploads\/2024\/12\/Capture-decran-2024-12-26-a-12.45.30-300x199.png 300w, https:\/\/generation-impact-solidarite.com\/wp-content\/uploads\/2024\/12\/Capture-decran-2024-12-26-a-12.45.30-1024x680.png 1024w, https:\/\/generation-impact-solidarite.com\/wp-content\/uploads\/2024\/12\/Capture-decran-2024-12-26-a-12.45.30-768x510.png 768w\" sizes=\"(max-width: 1084px) 100vw, 1084px\" \/><\/figure>\n\n\n\n<div style=\"height:10px\" aria-hidden=\"true\" class=\"wp-block-spacer\"><\/div>\n\n\n\n<h4 class=\"wp-block-heading has-text-align-center ticss-e103576b has-neve-text-color-color has-text-color\"><strong>d\u00e9couvertes des cultures<\/strong><\/h4>\n<\/div>\n\n\n\n<div class=\"wp-block-column is-vertically-aligned-center is-layout-flow wp-block-column-is-layout-flow\" style=\"padding-right:var(--wp--preset--spacing--30);padding-left:var(--wp--preset--spacing--30);flex-basis:50%\">\n<figure class=\"wp-block-image size-full is-resized has-custom-border\"><img decoding=\"async\" width=\"1088\" height=\"722\" src=\"http:\/\/generation-impact-solidarite.com\/wp-content\/uploads\/2024\/12\/Capture-decran-2024-12-26-a-12.45.56.png\" alt=\"\" class=\"wp-image-1137\" style=\"border-radius:40px;object-fit:cover;width:400px;height:290px\" srcset=\"https:\/\/generation-impact-solidarite.com\/wp-content\/uploads\/2024\/12\/Capture-decran-2024-12-26-a-12.45.56.png 1088w, https:\/\/generation-impact-solidarite.com\/wp-content\/uploads\/2024\/12\/Capture-decran-2024-12-26-a-12.45.56-300x199.png 300w, https:\/\/generation-impact-solidarite.com\/wp-content\/uploads\/2024\/12\/Capture-decran-2024-12-26-a-12.45.56-1024x680.png 1024w, https:\/\/generation-impact-solidarite.com\/wp-content\/uploads\/2024\/12\/Capture-decran-2024-12-26-a-12.45.56-768x510.png 768w\" sizes=\"(max-width: 1088px) 100vw, 1088px\" \/><\/figure>\n\n\n\n<div style=\"height:10px\" aria-hidden=\"true\" class=\"wp-block-spacer\"><\/div>\n\n\n\n<h4 class=\"wp-block-heading has-text-align-center ticss-925bf565 has-neve-text-color-color has-text-color\"><strong>voyage en immersion professionnelle<\/strong><\/h4>\n<\/div>\n\n\n\n<div class=\"wp-block-column is-vertically-aligned-center is-layout-flow wp-block-column-is-layout-flow\" style=\"padding-right:var(--wp--preset--spacing--30);padding-left:var(--wp--preset--spacing--30);flex-basis:50%\">\n<figure class=\"wp-block-image size-large is-resized has-custom-border\"><img loading=\"lazy\" decoding=\"async\" width=\"1024\" height=\"591\" src=\"http:\/\/generation-impact-solidarite.com\/wp-content\/uploads\/2024\/12\/Capture-decran-2024-12-26-a-12.46.25-1024x591.png\" alt=\"\" class=\"wp-image-1138\" style=\"border-radius:40px;object-fit:cover;width:400px;height:290px\" srcset=\"https:\/\/generation-impact-solidarite.com\/wp-content\/uploads\/2024\/12\/Capture-decran-2024-12-26-a-12.46.25-1024x591.png 1024w, https:\/\/generation-impact-solidarite.com\/wp-content\/uploads\/2024\/12\/Capture-decran-2024-12-26-a-12.46.25-300x173.png 300w, https:\/\/generation-impact-solidarite.com\/wp-content\/uploads\/2024\/12\/Capture-decran-2024-12-26-a-12.46.25-768x443.png 768w, https:\/\/generation-impact-solidarite.com\/wp-content\/uploads\/2024\/12\/Capture-decran-2024-12-26-a-12.46.25.png 1082w\" sizes=\"(max-width: 1024px) 100vw, 1024px\" \/><\/figure>\n\n\n\n<div style=\"height:10px\" aria-hidden=\"true\" class=\"wp-block-spacer\"><\/div>\n\n\n\n<h4 class=\"wp-block-heading has-text-align-center ticss-d06fa332 has-neve-text-color-color has-text-color\"><strong>s\u00e9jours vacances<\/strong><\/h4>\n<\/div>\n<\/div>\n<\/div><\/div>\n<\/div><\/div>\n\n\n\n<div id=\"wp-block-themeisle-blocks-advanced-columns-a7a985f7\" class=\"wp-block-themeisle-blocks-advanced-columns alignfull has-1-columns has-desktop-equal-layout has-tablet-equal-layout has-mobile-equal-layout has-vertical-center ticss-a7a985f7\"><div class=\"wp-block-themeisle-blocks-advanced-columns-overlay\"><\/div><div class=\"innerblocks-wrap\">\n<div id=\"wp-block-themeisle-blocks-advanced-column-2fb0d746\" class=\"wp-block-themeisle-blocks-advanced-column\">\n<div id=\"wp-block-themeisle-blocks-advanced-columns-f8f047a1\" class=\"wp-block-themeisle-blocks-advanced-columns has-3-columns has-desktop-oneThreeOne-layout has-tablet-equal-layout has-mobile-collapsedRows-layout has-vertical-top\"><div class=\"wp-block-themeisle-blocks-advanced-columns-overlay\"><\/div><div class=\"innerblocks-wrap\">\n<div id=\"wp-block-themeisle-blocks-advanced-column-3931317a\" class=\"wp-block-themeisle-blocks-advanced-column\">\n<div style=\"height:20px\" aria-hidden=\"true\" class=\"wp-block-spacer\"><\/div>\n\n\n\n<div class=\"wp-block-group ticss-d8a2810f\"><div class=\"wp-block-group__inner-container is-layout-constrained wp-block-group-is-layout-constrained\">\n<p class=\"has-text-align-center ticss-b636e1b9 has-nv-text-dark-bg-color has-text-color has-link-color wp-elements-720aff8f25f21028aa6b78689f9f3e95\" style=\"padding-right:0;padding-left:0\">Accueil<br>A propos<br>Projets<br>Partenariats<br>Actualit\u00e9s<br>Nous contacter<\/p>\n<\/div><\/div>\n<\/div>\n\n\n\n<div id=\"wp-block-themeisle-blocks-advanced-column-df47fe6f\" class=\"wp-block-themeisle-blocks-advanced-column\">\n<div class=\"wp-block-group\"><div class=\"wp-block-group__inner-container is-layout-constrained wp-block-group-is-layout-constrained\"><div class=\"wp-block-image\">\n<figure class=\"aligncenter size-large is-resized\"><img loading=\"lazy\" decoding=\"async\" width=\"1024\" height=\"1024\" src=\"http:\/\/generation-impact-solidarite.com\/wp-content\/uploads\/2025\/06\/Design-sans-titre-1-1-1024x1024.png\" alt=\"\" class=\"wp-image-1345\" style=\"object-fit:cover;width:240px;height:220px\" srcset=\"https:\/\/generation-impact-solidarite.com\/wp-content\/uploads\/2025\/06\/Design-sans-titre-1-1-1024x1024.png 1024w, https:\/\/generation-impact-solidarite.com\/wp-content\/uploads\/2025\/06\/Design-sans-titre-1-1-300x300.png 300w, https:\/\/generation-impact-solidarite.com\/wp-content\/uploads\/2025\/06\/Design-sans-titre-1-1-150x150.png 150w, https:\/\/generation-impact-solidarite.com\/wp-content\/uploads\/2025\/06\/Design-sans-titre-1-1-768x768.png 768w, https:\/\/generation-impact-solidarite.com\/wp-content\/uploads\/2025\/06\/Design-sans-titre-1-1-1536x1536.png 1536w\" sizes=\"(max-width: 1024px) 100vw, 1024px\" \/><\/figure>\n<\/div>\n\n\n<div style=\"height:20px\" aria-hidden=\"true\" class=\"wp-block-spacer\"><\/div>\n\n\n\n<p class=\"has-text-align-center ticss-20d44c38 has-nv-site-bg-color has-text-color has-link-color wp-elements-151ea3a4933df6cc17f21c8e207e8be1\">Notre seule limite, c\u2019est votre imagination !<\/p>\n<\/div><\/div>\n<\/div>\n\n\n\n<div id=\"wp-block-themeisle-blocks-advanced-column-a7aada30\" class=\"wp-block-themeisle-blocks-advanced-column ticss-a7aada30\">\n<div style=\"height:20px\" aria-hidden=\"true\" class=\"wp-block-spacer\"><\/div>\n\n\n\n<div class=\"wp-block-group ticss-d8a2810f\"><div class=\"wp-block-group__inner-container is-layout-constrained wp-block-group-is-layout-constrained\">\n<p class=\"has-text-align-center ticss-b636e1b9 has-nv-text-dark-bg-color has-text-color has-link-color wp-elements-7515e0a404b72d1fa84c01405b4209db\" style=\"padding-right:0;padding-left:0\">Contact<br>+33 7 44 75 10 67<br>Contact@generation-impact-solidaire.com<\/p>\n<\/div><\/div>\n\n\n\n<ul class=\"wp-block-social-links aligncenter has-normal-icon-size has-icon-color animated bounceInDown is-style-default is-content-justification-left is-layout-flex wp-container-core-social-links-is-layout-fdcfc74e wp-block-social-links-is-layout-flex\"><li style=\"color:var(u002du002dnv-text-dark-bg);\" class=\"wp-social-link wp-social-link-instagram has-nv-text-dark-bg-color wp-block-social-link\"><a rel=\"noopener nofollow\" target=\"_blank\" href=\"https:\/\/www.instagram.com\/generation.impact.solidarite\/\" class=\"wp-block-social-link-anchor\"><svg width=\"24\" height=\"24\" viewBox=\"0 0 24 24\" version=\"1.1\" xmlns=\"http:\/\/www.w3.org\/2000\/svg\" aria-hidden=\"true\" focusable=\"false\"><path d=\"M12,4.622c2.403,0,2.688,0.009,3.637,0.052c0.877,0.04,1.354,0.187,1.671,0.31c0.42,0.163,0.72,0.358,1.035,0.673 c0.315,0.315,0.51,0.615,0.673,1.035c0.123,0.317,0.27,0.794,0.31,1.671c0.043,0.949,0.052,1.234,0.052,3.637 s-0.009,2.688-0.052,3.637c-0.04,0.877-0.187,1.354-0.31,1.671c-0.163,0.42-0.358,0.72-0.673,1.035 c-0.315,0.315-0.615,0.51-1.035,0.673c-0.317,0.123-0.794,0.27-1.671,0.31c-0.949,0.043-1.233,0.052-3.637,0.052 s-2.688-0.009-3.637-0.052c-0.877-0.04-1.354-0.187-1.671-0.31c-0.42-0.163-0.72-0.358-1.035-0.673 c-0.315-0.315-0.51-0.615-0.673-1.035c-0.123-0.317-0.27-0.794-0.31-1.671C4.631,14.688,4.622,14.403,4.622,12 s0.009-2.688,0.052-3.637c0.04-0.877,0.187-1.354,0.31-1.671c0.163-0.42,0.358-0.72,0.673-1.035 c0.315-0.315,0.615-0.51,1.035-0.673c0.317-0.123,0.794-0.27,1.671-0.31C9.312,4.631,9.597,4.622,12,4.622 M12,3 C9.556,3,9.249,3.01,8.289,3.054C7.331,3.098,6.677,3.25,6.105,3.472C5.513,3.702,5.011,4.01,4.511,4.511 c-0.5,0.5-0.808,1.002-1.038,1.594C3.25,6.677,3.098,7.331,3.054,8.289C3.01,9.249,3,9.556,3,12c0,2.444,0.01,2.751,0.054,3.711 c0.044,0.958,0.196,1.612,0.418,2.185c0.23,0.592,0.538,1.094,1.038,1.594c0.5,0.5,1.002,0.808,1.594,1.038 c0.572,0.222,1.227,0.375,2.185,0.418C9.249,20.99,9.556,21,12,21s2.751-0.01,3.711-0.054c0.958-0.044,1.612-0.196,2.185-0.418 c0.592-0.23,1.094-0.538,1.594-1.038c0.5-0.5,0.808-1.002,1.038-1.594c0.222-0.572,0.375-1.227,0.418-2.185 C20.99,14.751,21,14.444,21,12s-0.01-2.751-0.054-3.711c-0.044-0.958-0.196-1.612-0.418-2.185c-0.23-0.592-0.538-1.094-1.038-1.594 c-0.5-0.5-1.002-0.808-1.594-1.038c-0.572-0.222-1.227-0.375-2.185-0.418C14.751,3.01,14.444,3,12,3L12,3z M12,7.378 c-2.552,0-4.622,2.069-4.622,4.622S9.448,16.622,12,16.622s4.622-2.069,4.622-4.622S14.552,7.378,12,7.378z M12,15 c-1.657,0-3-1.343-3-3s1.343-3,3-3s3,1.343,3,3S13.657,15,12,15z M16.804,6.116c-0.596,0-1.08,0.484-1.08,1.08 s0.484,1.08,1.08,1.08c0.596,0,1.08-0.484,1.08-1.08S17.401,6.116,16.804,6.116z\"><\/path><\/svg><span class=\"wp-block-social-link-label screen-reader-text\">Instagram<\/span><\/a><\/li>\n\n<li style=\"color:var(u002du002dnv-text-dark-bg);\" class=\"wp-social-link wp-social-link-facebook has-nv-text-dark-bg-color wp-block-social-link\"><a rel=\"noopener nofollow\" target=\"_blank\" href=\"https:\/\/www.facebook.com\/profile.php?id=61569096794314\" class=\"wp-block-social-link-anchor\"><svg width=\"24\" height=\"24\" viewBox=\"0 0 24 24\" version=\"1.1\" xmlns=\"http:\/\/www.w3.org\/2000\/svg\" aria-hidden=\"true\" focusable=\"false\"><path d=\"M12 2C6.5 2 2 6.5 2 12c0 5 3.7 9.1 8.4 9.9v-7H7.9V12h2.5V9.8c0-2.5 1.5-3.9 3.8-3.9 1.1 0 2.2.2 2.2.2v2.5h-1.3c-1.2 0-1.6.8-1.6 1.6V12h2.8l-.4 2.9h-2.3v7C18.3 21.1 22 17 22 12c0-5.5-4.5-10-10-10z\"><\/path><\/svg><span class=\"wp-block-social-link-label screen-reader-text\">Facebook<\/span><\/a><\/li>\n\n<li style=\"color:var(u002du002dnv-text-dark-bg);\" class=\"wp-social-link wp-social-link-x has-nv-text-dark-bg-color wp-block-social-link\"><a rel=\"noopener nofollow\" target=\"_blank\" href=\"https:\/\/x.com\/Association_GIS\" class=\"wp-block-social-link-anchor\"><svg width=\"24\" height=\"24\" viewBox=\"0 0 24 24\" version=\"1.1\" xmlns=\"http:\/\/www.w3.org\/2000\/svg\" aria-hidden=\"true\" focusable=\"false\"><path d=\"M13.982 10.622 20.54 3h-1.554l-5.693 6.618L8.745 3H3.5l6.876 10.007L3.5 21h1.554l6.012-6.989L15.868 21h5.245l-7.131-10.378Zm-2.128 2.474-.697-.997-5.543-7.93H8l4.474 6.4.697.996 5.815 8.318h-2.387l-4.745-6.787Z\" \/><\/svg><span class=\"wp-block-social-link-label screen-reader-text\">X<\/span><\/a><\/li>\n\n<li style=\"color:var(u002du002dnv-text-dark-bg);\" class=\"wp-social-link wp-social-link-tiktok has-nv-text-dark-bg-color wp-block-social-link\"><a rel=\"noopener nofollow\" target=\"_blank\" href=\"https:\/\/www.tiktok.com\/@les.benevoles_gis\" class=\"wp-block-social-link-anchor\"><svg width=\"24\" height=\"24\" viewBox=\"0 0 32 32\" version=\"1.1\" xmlns=\"http:\/\/www.w3.org\/2000\/svg\" aria-hidden=\"true\" focusable=\"false\"><path d=\"M16.708 0.027c1.745-0.027 3.48-0.011 5.213-0.027 0.105 2.041 0.839 4.12 2.333 5.563 1.491 1.479 3.6 2.156 5.652 2.385v5.369c-1.923-0.063-3.855-0.463-5.6-1.291-0.76-0.344-1.468-0.787-2.161-1.24-0.009 3.896 0.016 7.787-0.025 11.667-0.104 1.864-0.719 3.719-1.803 5.255-1.744 2.557-4.771 4.224-7.88 4.276-1.907 0.109-3.812-0.411-5.437-1.369-2.693-1.588-4.588-4.495-4.864-7.615-0.032-0.667-0.043-1.333-0.016-1.984 0.24-2.537 1.495-4.964 3.443-6.615 2.208-1.923 5.301-2.839 8.197-2.297 0.027 1.975-0.052 3.948-0.052 5.923-1.323-0.428-2.869-0.308-4.025 0.495-0.844 0.547-1.485 1.385-1.819 2.333-0.276 0.676-0.197 1.427-0.181 2.145 0.317 2.188 2.421 4.027 4.667 3.828 1.489-0.016 2.916-0.88 3.692-2.145 0.251-0.443 0.532-0.896 0.547-1.417 0.131-2.385 0.079-4.76 0.095-7.145 0.011-5.375-0.016-10.735 0.025-16.093z\" \/><\/svg><span class=\"wp-block-social-link-label screen-reader-text\">TikTok<\/span><\/a><\/li>\n\n<li style=\"color:var(u002du002dnv-text-dark-bg);\" class=\"wp-social-link wp-social-link-linkedin has-nv-text-dark-bg-color wp-block-social-link\"><a rel=\"noopener nofollow\" target=\"_blank\" href=\"https:\/\/www.linkedin.com\/company\/generation-impact-solidarite\/\" class=\"wp-block-social-link-anchor\"><svg width=\"24\" height=\"24\" viewBox=\"0 0 24 24\" version=\"1.1\" xmlns=\"http:\/\/www.w3.org\/2000\/svg\" aria-hidden=\"true\" focusable=\"false\"><path d=\"M19.7,3H4.3C3.582,3,3,3.582,3,4.3v15.4C3,20.418,3.582,21,4.3,21h15.4c0.718,0,1.3-0.582,1.3-1.3V4.3 C21,3.582,20.418,3,19.7,3z M8.339,18.338H5.667v-8.59h2.672V18.338z M7.004,8.574c-0.857,0-1.549-0.694-1.549-1.548 c0-0.855,0.691-1.548,1.549-1.548c0.854,0,1.547,0.694,1.547,1.548C8.551,7.881,7.858,8.574,7.004,8.574z M18.339,18.338h-2.669 v-4.177c0-0.996-0.017-2.278-1.387-2.278c-1.389,0-1.601,1.086-1.601,2.206v4.249h-2.667v-8.59h2.559v1.174h0.037 c0.356-0.675,1.227-1.387,2.526-1.387c2.703,0,3.203,1.779,3.203,4.092V18.338z\"><\/path><\/svg><span class=\"wp-block-social-link-label screen-reader-text\">LinkedIn<\/span><\/a><\/li>\n\n<li style=\"color:var(u002du002dnv-text-dark-bg);\" class=\"wp-social-link wp-social-link-youtube has-nv-text-dark-bg-color wp-block-social-link\"><a rel=\"noopener nofollow\" target=\"_blank\" href=\"https:\/\/\u00c0%20VENIR\" class=\"wp-block-social-link-anchor\"><svg width=\"24\" height=\"24\" viewBox=\"0 0 24 24\" version=\"1.1\" xmlns=\"http:\/\/www.w3.org\/2000\/svg\" aria-hidden=\"true\" focusable=\"false\"><path d=\"M21.8,8.001c0,0-0.195-1.378-0.795-1.985c-0.76-0.797-1.613-0.801-2.004-0.847c-2.799-0.202-6.997-0.202-6.997-0.202 h-0.009c0,0-4.198,0-6.997,0.202C4.608,5.216,3.756,5.22,2.995,6.016C2.395,6.623,2.2,8.001,2.2,8.001S2,9.62,2,11.238v1.517 c0,1.618,0.2,3.237,0.2,3.237s0.195,1.378,0.795,1.985c0.761,0.797,1.76,0.771,2.205,0.855c1.6,0.153,6.8,0.201,6.8,0.201 s4.203-0.006,7.001-0.209c0.391-0.047,1.243-0.051,2.004-0.847c0.6-0.607,0.795-1.985,0.795-1.985s0.2-1.618,0.2-3.237v-1.517 C22,9.62,21.8,8.001,21.8,8.001z M9.935,14.594l-0.001-5.62l5.404,2.82L9.935,14.594z\"><\/path><\/svg><span class=\"wp-block-social-link-label screen-reader-text\">YouTube<\/span><\/a><\/li>\n\n<li style=\"color:var(u002du002dnv-text-dark-bg);\" class=\"wp-social-link wp-social-link-snapchat has-nv-text-dark-bg-color wp-block-social-link\"><a rel=\"noopener nofollow\" target=\"_blank\" href=\"https:\/\/www.snapchat.com\/add\/association_gis\" class=\"wp-block-social-link-anchor\"><svg width=\"24\" height=\"24\" viewBox=\"0 0 24 24\" version=\"1.1\" xmlns=\"http:\/\/www.w3.org\/2000\/svg\" aria-hidden=\"true\" focusable=\"false\"><path d=\"M12.065,2a5.526,5.526,0,0,1,3.132.892A5.854,5.854,0,0,1,17.326,5.4a5.821,5.821,0,0,1,.351,2.33q0,.612-.117,2.487a.809.809,0,0,0,.365.091,1.93,1.93,0,0,0,.664-.176,1.93,1.93,0,0,1,.664-.176,1.3,1.3,0,0,1,.729.234.7.7,0,0,1,.351.6.839.839,0,0,1-.41.7,2.732,2.732,0,0,1-.9.41,3.192,3.192,0,0,0-.9.378.728.728,0,0,0-.41.618,1.575,1.575,0,0,0,.156.56,6.9,6.9,0,0,0,1.334,1.953,5.6,5.6,0,0,0,1.881,1.315,5.875,5.875,0,0,0,1.042.3.42.42,0,0,1,.365.456q0,.911-2.852,1.341a1.379,1.379,0,0,0-.143.507,1.8,1.8,0,0,1-.182.605.451.451,0,0,1-.429.241,5.878,5.878,0,0,1-.807-.085,5.917,5.917,0,0,0-.833-.085,4.217,4.217,0,0,0-.807.065,2.42,2.42,0,0,0-.82.293,6.682,6.682,0,0,0-.755.5q-.351.267-.755.527a3.886,3.886,0,0,1-.989.436A4.471,4.471,0,0,1,11.831,22a4.307,4.307,0,0,1-1.256-.176,3.784,3.784,0,0,1-.976-.436q-.4-.26-.749-.527a6.682,6.682,0,0,0-.755-.5,2.422,2.422,0,0,0-.807-.293,4.432,4.432,0,0,0-.82-.065,5.089,5.089,0,0,0-.853.1,5,5,0,0,1-.762.1.474.474,0,0,1-.456-.241,1.819,1.819,0,0,1-.182-.618,1.411,1.411,0,0,0-.143-.521q-2.852-.429-2.852-1.341a.42.42,0,0,1,.365-.456,5.793,5.793,0,0,0,1.042-.3,5.524,5.524,0,0,0,1.881-1.315,6.789,6.789,0,0,0,1.334-1.953A1.575,1.575,0,0,0,6,12.9a.728.728,0,0,0-.41-.618,3.323,3.323,0,0,0-.9-.384,2.912,2.912,0,0,1-.9-.41.814.814,0,0,1-.41-.684.71.71,0,0,1,.338-.593,1.208,1.208,0,0,1,.716-.241,1.976,1.976,0,0,1,.625.169,2.008,2.008,0,0,0,.69.169.919.919,0,0,0,.416-.091q-.117-1.849-.117-2.474A5.861,5.861,0,0,1,6.385,5.4,5.516,5.516,0,0,1,8.625,2.819,7.075,7.075,0,0,1,12.062,2Z\"><\/path><\/svg><span class=\"wp-block-social-link-label screen-reader-text\">Snapchat<\/span><\/a><\/li>\n\n<li style=\"color:var(u002du002dnv-text-dark-bg);\" class=\"wp-social-link wp-social-link-twitch has-nv-text-dark-bg-color wp-block-social-link\"><a rel=\"noopener nofollow\" target=\"_blank\" href=\"https:\/\/www.twitch.tv\/lesbenevoles_gis\" class=\"wp-block-social-link-anchor\"><svg width=\"24\" height=\"24\" viewBox=\"0 0 24 24\" version=\"1.1\" xmlns=\"http:\/\/www.w3.org\/2000\/svg\" aria-hidden=\"true\" focusable=\"false\"><path d=\"M16.499,8.089h-1.636v4.91h1.636V8.089z M12,8.089h-1.637v4.91H12V8.089z M4.228,3.178L3,6.451v13.092h4.499V22h2.456 l2.454-2.456h3.681L21,14.636V3.178H4.228z M19.364,13.816l-2.864,2.865H12l-2.453,2.453V16.68H5.863V4.814h13.501V13.816z\"><\/path><\/svg><span class=\"wp-block-social-link-label screen-reader-text\">Twitch<\/span><\/a><\/li>\n\n<li style=\"color:var(u002du002dnv-text-dark-bg);\" class=\"wp-social-link wp-social-link-whatsapp has-nv-text-dark-bg-color wp-block-social-link\"><a rel=\"noopener nofollow\" target=\"_blank\" href=\"https:\/\/\u00c0%20VENIR\" class=\"wp-block-social-link-anchor\"><svg width=\"24\" height=\"24\" viewBox=\"0 0 24 24\" version=\"1.1\" xmlns=\"http:\/\/www.w3.org\/2000\/svg\" aria-hidden=\"true\" focusable=\"false\"><path d=\"M 12.011719 2 C 6.5057187 2 2.0234844 6.478375 2.0214844 11.984375 C 2.0204844 13.744375 2.4814687 15.462563 3.3554688 16.976562 L 2 22 L 7.2324219 20.763672 C 8.6914219 21.559672 10.333859 21.977516 12.005859 21.978516 L 12.009766 21.978516 C 17.514766 21.978516 21.995047 17.499141 21.998047 11.994141 C 22.000047 9.3251406 20.962172 6.8157344 19.076172 4.9277344 C 17.190172 3.0407344 14.683719 2.001 12.011719 2 z M 12.009766 4 C 14.145766 4.001 16.153109 4.8337969 17.662109 6.3417969 C 19.171109 7.8517969 20.000047 9.8581875 19.998047 11.992188 C 19.996047 16.396187 16.413812 19.978516 12.007812 19.978516 C 10.674812 19.977516 9.3544062 19.642812 8.1914062 19.007812 L 7.5175781 18.640625 L 6.7734375 18.816406 L 4.8046875 19.28125 L 5.2851562 17.496094 L 5.5019531 16.695312 L 5.0878906 15.976562 C 4.3898906 14.768562 4.0204844 13.387375 4.0214844 11.984375 C 4.0234844 7.582375 7.6067656 4 12.009766 4 z M 8.4765625 7.375 C 8.3095625 7.375 8.0395469 7.4375 7.8105469 7.6875 C 7.5815469 7.9365 6.9355469 8.5395781 6.9355469 9.7675781 C 6.9355469 10.995578 7.8300781 12.182609 7.9550781 12.349609 C 8.0790781 12.515609 9.68175 15.115234 12.21875 16.115234 C 14.32675 16.946234 14.754891 16.782234 15.212891 16.740234 C 15.670891 16.699234 16.690438 16.137687 16.898438 15.554688 C 17.106437 14.971687 17.106922 14.470187 17.044922 14.367188 C 16.982922 14.263188 16.816406 14.201172 16.566406 14.076172 C 16.317406 13.951172 15.090328 13.348625 14.861328 13.265625 C 14.632328 13.182625 14.464828 13.140625 14.298828 13.390625 C 14.132828 13.640625 13.655766 14.201187 13.509766 14.367188 C 13.363766 14.534188 13.21875 14.556641 12.96875 14.431641 C 12.71875 14.305641 11.914938 14.041406 10.960938 13.191406 C 10.218937 12.530406 9.7182656 11.714844 9.5722656 11.464844 C 9.4272656 11.215844 9.5585938 11.079078 9.6835938 10.955078 C 9.7955938 10.843078 9.9316406 10.663578 10.056641 10.517578 C 10.180641 10.371578 10.223641 10.267562 10.306641 10.101562 C 10.389641 9.9355625 10.347156 9.7890625 10.285156 9.6640625 C 10.223156 9.5390625 9.737625 8.3065 9.515625 7.8125 C 9.328625 7.3975 9.131125 7.3878594 8.953125 7.3808594 C 8.808125 7.3748594 8.6425625 7.375 8.4765625 7.375 z\"><\/path><\/svg><span class=\"wp-block-social-link-label screen-reader-text\">WhatsApp<\/span><\/a><\/li><\/ul>\n\n\n\n<p class=\"has-text-align-left\" style=\"padding-right:0;padding-left:0\"><br><\/p>\n<\/div>\n<\/div><\/div>\n<\/div>\n<\/div><\/div>\n","protected":false},"excerpt":{"rendered":"","protected":false},"author":2,"featured_media":0,"parent":2816,"menu_order":0,"comment_status":"closed","ping_status":"closed","template":"","meta":{"give_campaign_id":0,"neve_meta_sidebar":"default","neve_meta_container":"","neve_meta_enable_content_width":"on","neve_meta_content_width":100,"neve_meta_title_alignment":"","neve_meta_author_avatar":"","neve_post_elements_order":"","neve_meta_disable_header":"","neve_meta_disable_footer":"","neve_meta_disable_title":"on","_themeisle_gutenberg_block_has_review":false,"footnotes":""},"class_list":["post-1405","page","type-page","status-publish","hentry"],"campaignId":"","_links":{"self":[{"href":"https:\/\/generation-impact-solidarite.com\/index.php\/wp-json\/wp\/v2\/pages\/1405","targetHints":{"allow":["GET"]}}],"collection":[{"href":"https:\/\/generation-impact-solidarite.com\/index.php\/wp-json\/wp\/v2\/pages"}],"about":[{"href":"https:\/\/generation-impact-solidarite.com\/index.php\/wp-json\/wp\/v2\/types\/page"}],"author":[{"embeddable":true,"href":"https:\/\/generation-impact-solidarite.com\/index.php\/wp-json\/wp\/v2\/users\/2"}],"replies":[{"embeddable":true,"href":"https:\/\/generation-impact-solidarite.com\/index.php\/wp-json\/wp\/v2\/comments?post=1405"}],"version-history":[{"count":99,"href":"https:\/\/generation-impact-solidarite.com\/index.php\/wp-json\/wp\/v2\/pages\/1405\/revisions"}],"predecessor-version":[{"id":2740,"href":"https:\/\/generation-impact-solidarite.com\/index.php\/wp-json\/wp\/v2\/pages\/1405\/revisions\/2740"}],"up":[{"embeddable":true,"href":"https:\/\/generation-impact-solidarite.com\/index.php\/wp-json\/wp\/v2\/pages\/2816"}],"wp:attachment":[{"href":"https:\/\/generation-impact-solidarite.com\/index.php\/wp-json\/wp\/v2\/media?parent=1405"}],"curies":[{"name":"wp","href":"https:\/\/api.w.org\/{rel}","templated":true}]}}